{"id":4776,"date":"2022-07-28T00:18:37","date_gmt":"2022-07-27T22:18:37","guid":{"rendered":"https:\/\/eco-vignette.com\/?post_type=product&#038;p=4776"},"modified":"2022-07-31T22:21:57","modified_gmt":"2022-07-31T20:21:57","slug":"vignette-critair-pour-les-vehicules-immatricules-a-letranger","status":"publish","type":"product","link":"https:\/\/eco-vignette.com\/be\/product\/vignette-critair-pour-les-vehicules-immatricules-a-letranger\/","title":{"rendered":"Vignette Crit&rsquo;air pour les v\u00e9hicules immatricul\u00e9s \u00e0 l&rsquo;\u00e9tranger"},"content":{"rendered":"<p style=\"display: none;\">Vignette Crit&rsquo;Air vignette critere<\/p>\n<p>Vous souhaitez circuler en toute s\u00e9curit\u00e9 dans une Zone \u00e0 Circulation Restreinte (<span style=\"color: #16b31e;\"><strong>ZCR<\/strong><\/span>) avec un v\u00e9hicule neuf ou d\u2019occasion ? Vous \u00eates concern\u00e9s par la vignette Crit air !<\/p>\n<p>Le certificat qualit\u00e9 de l\u2019air est un document s\u00e9curis\u00e9 qui permet de classer les v\u00e9hicules en fonction de leurs \u00e9missions polluantes.<br \/>\nMise en place par le Minist\u00e8re de l\u2019Int\u00e9rieur en janvier 2017, la vignette Crit Air permet de lutter contre la pollution en France.<\/p>\n<p style=\"display: none;\">Vignette Crit&rsquo;air pour v\u00e9hicules particuliers<\/p>\n<p><a style=\"display: none;\" href=\"https:\/\/enregistrer-mon-velo.fr\/\">Enregistrer v\u00e9lo<\/a><br \/>\n<a style=\"display: none;\" href=\"https:\/\/eco-vignette.com\/\">Vignette Crit&rsquo;Air<\/a><\/p>\n<p style=\"display: none;\">Vignette Crit&rsquo;air pour v\u00e9hicules particuliers France, comment vignette Crit&rsquo;air: Tout savoir, toutes les informations comment l&rsquo;acheter?<br \/>\nTout d\u2019abord Prix de la vignette Crit&rsquo;air. Ensuite, est-elle obligatoire ? Ainsi, Pour qui ? En dernier lieu, Les villes concern\u00e9es&#8230;<br \/>\nPour toutes ces raisons, Vignette crit air: Tout savoir sur la vignette crit\u00e8re, toutes les infos.<br \/>\nEn somme, Comment l&rsquo;acheter ? Par ailleurs, quel prix ? quelle ville concern\u00e9e ? Pour toutes ces raisons, Commandez votre vignette en quelques clics.<\/p>\n<p style=\"display: none;\">vignette crit\u00e8re prix, vignette crit&rsquo;air paris, vignette crit&rsquo;air 0, vignette crit&rsquo;air 1, vignette crit&rsquo;air 2, vignette crit&rsquo;air 3, vignette crit&rsquo;air 4, vignette crit&rsquo;air 5, vignette crit&rsquo;air simulation, quelle vignette crit&rsquo;air, vignette crit&rsquo;air 6.<br \/>\nenfin, Vignette Crit&rsquo;Air vignette critere<br \/>\nPour conclure, Crit&rsquo;air vignette, crit&rsquo;air paris, vignette crit&rsquo;air v\u00e9hicule neuf, vignette crit&rsquo;air v\u00e9hicule d&rsquo;occasion<\/p>","protected":false},"excerpt":{"rendered":"<p>Le certificat qualit\u00e9 de l\u2019air est un document s\u00e9curis\u00e9 qui permet de classer les v\u00e9hicules en fonction de leurs \u00e9missions polluantes.<\/p>","protected":false},"featured_media":3998,"template":"","meta":[],"product_cat":[100],"product_tag":[],"yoast_head":"<!-- This site is optimized with the Yoast SEO plugin v19.4 - https:\/\/yoast.com\/wordpress\/plugins\/seo\/ -->\n<title>Vignette Crit&#039;air antipollution - vignette critere pour v\u00e9hicules particuliers<\/title>\n<meta name=\"description\" content=\"Commandez votre vignette Crit&#039;air en ligne. Choix de l&#039;adresse de livraison. Certificat provisoire par mail. vignette critere...\" \/>\n<meta name=\"robots\" content=\"index, follow, max-snippet:-1, max-image-preview:large, max-video-preview:-1\" \/>\n<link rel=\"canonical\" href=\"https:\/\/eco-vignette.com\/be\/product\/vignette-critair-pour-les-vehicules-immatricules-a-letranger\/\" \/>\n<meta property=\"og:locale\" content=\"fr_FR\" \/>\n<meta property=\"og:type\" content=\"article\" \/>\n<meta property=\"og:title\" content=\"Vignette Crit&#039;air antipollution - vignette critere pour v\u00e9hicules particuliers\" \/>\n<meta property=\"og:description\" content=\"Commandez votre vignette Crit&#039;air en ligne. Choix de l&#039;adresse de livraison. Certificat provisoire par mail. vignette critere...\" \/>\n<meta property=\"og:url\" content=\"https:\/\/eco-vignette.com\/be\/product\/vignette-critair-pour-les-vehicules-immatricules-a-letranger\/\" \/>\n<meta property=\"og:site_name\" content=\"Vignette Crit&#039;Air\" \/>\n<meta property=\"article:modified_time\" content=\"2022-07-31T20:21:57+00:00\" \/>\n<meta property=\"og:image\" content=\"https:\/\/eco-vignette.com\/wp-content\/uploads\/2021\/05\/UR.png\" \/>\n\t<meta property=\"og:image:width\" content=\"600\" \/>\n\t<meta property=\"og:image:height\" content=\"401\" \/>\n\t<meta property=\"og:image:type\" content=\"image\/png\" \/>\n<meta name=\"twitter:card\" content=\"summary_large_image\" \/>\n<meta name=\"twitter:label1\" content=\"Dur\u00e9e de lecture est.\" \/>\n\t<meta name=\"twitter:data1\" content=\"2 minutes\" \/>\n<script type=\"application\/ld+json\" class=\"yoast-schema-graph\">{\"@context\":\"https:\/\/schema.org\",\"@graph\":[{\"@type\":\"Organization\",\"@id\":\"https:\/\/eco-vignette.com\/be\/#organization\",\"name\":\"Vignette Crit&#039;Air\",\"url\":\"https:\/\/eco-vignette.com\/be\/\",\"sameAs\":[],\"logo\":{\"@type\":\"ImageObject\",\"inLanguage\":\"fr-BE\",\"@id\":\"https:\/\/eco-vignette.com\/be\/#\/schema\/logo\/image\/\",\"url\":\"https:\/\/eco-vignette.com\/wp-content\/uploads\/2021\/05\/LA-VIGNETTE.png\",\"contentUrl\":\"https:\/\/eco-vignette.com\/wp-content\/uploads\/2021\/05\/LA-VIGNETTE.png\",\"width\":300,\"height\":70,\"caption\":\"Vignette Crit&#039;Air\"},\"image\":{\"@id\":\"https:\/\/eco-vignette.com\/be\/#\/schema\/logo\/image\/\"}},{\"@type\":\"WebSite\",\"@id\":\"https:\/\/eco-vignette.com\/be\/#website\",\"url\":\"https:\/\/eco-vignette.com\/be\/\",\"name\":\"Vignette Crit&#039;Air\",\"description\":\"Un site utilisant WordPress\",\"publisher\":{\"@id\":\"https:\/\/eco-vignette.com\/be\/#organization\"},\"potentialAction\":[{\"@type\":\"SearchAction\",\"target\":{\"@type\":\"EntryPoint\",\"urlTemplate\":\"https:\/\/eco-vignette.com\/be\/?s={search_term_string}\"},\"query-input\":\"required name=search_term_string\"}],\"inLanguage\":\"fr-BE\"},{\"@type\":\"WebPage\",\"@id\":\"https:\/\/eco-vignette.com\/be\/product\/vignette-critair-pour-les-vehicules-immatricules-a-letranger\/\",\"url\":\"https:\/\/eco-vignette.com\/be\/product\/vignette-critair-pour-les-vehicules-immatricules-a-letranger\/\",\"name\":\"Vignette Crit'air antipollution - vignette critere pour v\u00e9hicules particuliers\",\"isPartOf\":{\"@id\":\"https:\/\/eco-vignette.com\/be\/#website\"},\"datePublished\":\"2022-07-27T22:18:37+00:00\",\"dateModified\":\"2022-07-31T20:21:57+00:00\",\"description\":\"Commandez votre vignette Crit'air en ligne. Choix de l'adresse de livraison. Certificat provisoire par mail. vignette critere...\",\"breadcrumb\":{\"@id\":\"https:\/\/eco-vignette.com\/be\/product\/vignette-critair-pour-les-vehicules-immatricules-a-letranger\/#breadcrumb\"},\"inLanguage\":\"fr-BE\",\"potentialAction\":[{\"@type\":\"ReadAction\",\"target\":[\"https:\/\/eco-vignette.com\/be\/product\/vignette-critair-pour-les-vehicules-immatricules-a-letranger\/\"]}]},{\"@type\":\"BreadcrumbList\",\"@id\":\"https:\/\/eco-vignette.com\/be\/product\/vignette-critair-pour-les-vehicules-immatricules-a-letranger\/#breadcrumb\",\"itemListElement\":[{\"@type\":\"ListItem\",\"position\":1,\"name\":\"Home\",\"item\":\"https:\/\/eco-vignette.com\/be\/\"},{\"@type\":\"ListItem\",\"position\":2,\"name\":\"Produits\",\"item\":\"https:\/\/eco-vignette.com\/be\/shop\/\"},{\"@type\":\"ListItem\",\"position\":3,\"name\":\"Vignette Crit&rsquo;air pour les v\u00e9hicules immatricul\u00e9s \u00e0 l&rsquo;\u00e9tranger\"}]}]}<\/script>\n<!-- \/ Yoast SEO plugin. -->","yoast_head_json":{"title":"Vignette Crit'air antipollution - vignette critere pour v\u00e9hicules particuliers","description":"Commandez votre vignette Crit'air en ligne. Choix de l'adresse de livraison. Certificat provisoire par mail. vignette critere...","robots":{"index":"index","follow":"follow","max-snippet":"max-snippet:-1","max-image-preview":"max-image-preview:large","max-video-preview":"max-video-preview:-1"},"canonical":"https:\/\/eco-vignette.com\/be\/product\/vignette-critair-pour-les-vehicules-immatricules-a-letranger\/","og_locale":"fr_FR","og_type":"article","og_title":"Vignette Crit'air antipollution - vignette critere pour v\u00e9hicules particuliers","og_description":"Commandez votre vignette Crit'air en ligne. Choix de l'adresse de livraison. Certificat provisoire par mail. vignette critere...","og_url":"https:\/\/eco-vignette.com\/be\/product\/vignette-critair-pour-les-vehicules-immatricules-a-letranger\/","og_site_name":"Vignette Crit&#039;Air","article_modified_time":"2022-07-31T20:21:57+00:00","og_image":[{"width":600,"height":401,"url":"https:\/\/eco-vignette.com\/wp-content\/uploads\/2021\/05\/UR.png","type":"image\/png"}],"twitter_card":"summary_large_image","twitter_misc":{"Dur\u00e9e de lecture est.":"2 minutes"},"schema":{"@context":"https:\/\/schema.org","@graph":[{"@type":"Organization","@id":"https:\/\/eco-vignette.com\/be\/#organization","name":"Vignette Crit&#039;Air","url":"https:\/\/eco-vignette.com\/be\/","sameAs":[],"logo":{"@type":"ImageObject","inLanguage":"fr-BE","@id":"https:\/\/eco-vignette.com\/be\/#\/schema\/logo\/image\/","url":"https:\/\/eco-vignette.com\/wp-content\/uploads\/2021\/05\/LA-VIGNETTE.png","contentUrl":"https:\/\/eco-vignette.com\/wp-content\/uploads\/2021\/05\/LA-VIGNETTE.png","width":300,"height":70,"caption":"Vignette Crit&#039;Air"},"image":{"@id":"https:\/\/eco-vignette.com\/be\/#\/schema\/logo\/image\/"}},{"@type":"WebSite","@id":"https:\/\/eco-vignette.com\/be\/#website","url":"https:\/\/eco-vignette.com\/be\/","name":"Vignette Crit&#039;Air","description":"Un site utilisant WordPress","publisher":{"@id":"https:\/\/eco-vignette.com\/be\/#organization"},"potentialAction":[{"@type":"SearchAction","target":{"@type":"EntryPoint","urlTemplate":"https:\/\/eco-vignette.com\/be\/?s={search_term_string}"},"query-input":"required name=search_term_string"}],"inLanguage":"fr-BE"},{"@type":"WebPage","@id":"https:\/\/eco-vignette.com\/be\/product\/vignette-critair-pour-les-vehicules-immatricules-a-letranger\/","url":"https:\/\/eco-vignette.com\/be\/product\/vignette-critair-pour-les-vehicules-immatricules-a-letranger\/","name":"Vignette Crit'air antipollution - vignette critere pour v\u00e9hicules particuliers","isPartOf":{"@id":"https:\/\/eco-vignette.com\/be\/#website"},"datePublished":"2022-07-27T22:18:37+00:00","dateModified":"2022-07-31T20:21:57+00:00","description":"Commandez votre vignette Crit'air en ligne. Choix de l'adresse de livraison. Certificat provisoire par mail. vignette critere...","breadcrumb":{"@id":"https:\/\/eco-vignette.com\/be\/product\/vignette-critair-pour-les-vehicules-immatricules-a-letranger\/#breadcrumb"},"inLanguage":"fr-BE","potentialAction":[{"@type":"ReadAction","target":["https:\/\/eco-vignette.com\/be\/product\/vignette-critair-pour-les-vehicules-immatricules-a-letranger\/"]}]},{"@type":"BreadcrumbList","@id":"https:\/\/eco-vignette.com\/be\/product\/vignette-critair-pour-les-vehicules-immatricules-a-letranger\/#breadcrumb","itemListElement":[{"@type":"ListItem","position":1,"name":"Home","item":"https:\/\/eco-vignette.com\/be\/"},{"@type":"ListItem","position":2,"name":"Produits","item":"https:\/\/eco-vignette.com\/be\/shop\/"},{"@type":"ListItem","position":3,"name":"Vignette Crit&rsquo;air pour les v\u00e9hicules immatricul\u00e9s \u00e0 l&rsquo;\u00e9tranger"}]}]}},"lang":"be","translations":{"be":4776},"_links":{"self":[{"href":"https:\/\/eco-vignette.com\/be\/wp-json\/wp\/v2\/product\/4776"}],"collection":[{"href":"https:\/\/eco-vignette.com\/be\/wp-json\/wp\/v2\/product"}],"about":[{"href":"https:\/\/eco-vignette.com\/be\/wp-json\/wp\/v2\/types\/product"}],"version-history":[{"count":1,"href":"https:\/\/eco-vignette.com\/be\/wp-json\/wp\/v2\/product\/4776\/revisions"}],"predecessor-version":[{"id":4777,"href":"https:\/\/eco-vignette.com\/be\/wp-json\/wp\/v2\/product\/4776\/revisions\/4777"}],"wp:featuredmedia":[{"embeddable":true,"href":"https:\/\/eco-vignette.com\/be\/wp-json\/wp\/v2\/media\/3998"}],"wp:attachment":[{"href":"https:\/\/eco-vignette.com\/be\/wp-json\/wp\/v2\/media?parent=4776"}],"wp:term":[{"taxonomy":"product_cat","embeddable":true,"href":"https:\/\/eco-vignette.com\/be\/wp-json\/wp\/v2\/product_cat?post=4776"},{"taxonomy":"product_tag","embeddable":true,"href":"https:\/\/eco-vignette.com\/be\/wp-json\/wp\/v2\/product_tag?post=4776"}],"curies":[{"name":"wp","href":"https:\/\/api.w.org\/{rel}","templated":true}]}}